{"id":25477,"date":"2019-10-29T05:45:35","date_gmt":"2019-10-29T05:45:35","guid":{"rendered":"https:\/\/sodarstvo.si\/contact\/"},"modified":"2023-12-01T15:37:57","modified_gmt":"2023-12-01T15:37:57","slug":"contact","status":"publish","type":"page","link":"https:\/\/sodarstvo.si\/en\/contact\/","title":{"rendered":"Contact"},"content":{"rendered":"<p>[et_pb_section fb_built=&#8221;1&#8243; next_background_color=&#8221;#ffffff&#8221; _builder_version=&#8221;4.16&#8243; use_background_color_gradient=&#8221;on&#8221; background_color_gradient_direction=&#8221;90deg&#8221; background_color_gradient_stops=&#8221;rgba(0,0,0,0.38) 0%|rgba(0,0,0,0.16) 100%&#8221; background_color_gradient_overlays_image=&#8221;on&#8221; background_color_gradient_start=&#8221;rgba(0,0,0,0.38)&#8221; background_color_gradient_end=&#8221;rgba(0,0,0,0.16)&#8221; background_image=&#8221;https:\/\/sodarstvo.si\/wp-content\/uploads\/2019\/09\/Untitled-design.png&#8221; custom_padding=&#8221;||145px|||&#8221; bottom_divider_style=&#8221;curve&#8221; global_colors_info=&#8221;{}&#8221;][et_pb_row use_custom_gutter=&#8221;on&#8221; gutter_width=&#8221;2&#8243; make_equal=&#8221;on&#8221; _builder_version=&#8221;4.16&#8243; width=&#8221;90%&#8221; width_tablet=&#8221;90%&#8221; width_phone=&#8221;90%&#8221; width_last_edited=&#8221;on|tablet&#8221; max_width=&#8221;1200px&#8221; max_width_tablet=&#8221;90%&#8221; max_width_phone=&#8221;90%&#8221; max_width_last_edited=&#8221;on|phone&#8221; custom_padding=&#8221;140px||46px||false|false&#8221; global_colors_info=&#8221;{}&#8221;][et_pb_column type=&#8221;4_4&#8243; _builder_version=&#8221;4.16&#8243; global_colors_info=&#8221;{}&#8221;][et_pb_text _builder_version=&#8221;4.16&#8243; header_font=&#8221;Poppins|600|||||||&#8221; header_text_color=&#8221;#ffffff&#8221; header_font_size=&#8221;50px&#8221; header_letter_spacing=&#8221;-0.3px&#8221; header_line_height=&#8221;1.2em&#8221; max_width=&#8221;700px&#8221; module_alignment=&#8221;left&#8221; animation_style=&#8221;zoom&#8221; header_font_size_tablet=&#8221;40px&#8221; header_font_size_phone=&#8221;30px&#8221; header_font_size_last_edited=&#8221;on|phone&#8221; global_colors_info=&#8221;{}&#8221;]<\/p>\n<h1>Contact<\/h1>\n<p>[\/et_pb_text][et_pb_text _builder_version=&#8221;4.23.1&#8243; text_font=&#8221;Muli||||||||&#8221; text_text_color=&#8221;#ffffff&#8221; text_font_size=&#8221;18px&#8221; text_line_height=&#8221;1.8em&#8221; max_width=&#8221;415px&#8221; custom_margin=&#8221;-7px||||false|false&#8221; animation_style=&#8221;zoom&#8221; animation_delay=&#8221;200ms&#8221; global_colors_info=&#8221;{}&#8221;]<\/p>\n<p><span>Quality production of barrels and other wooden products with a 100-year-old tradition.<\/span><\/p>\n<p>[\/et_pb_text][\/et_pb_column][\/et_pb_row][\/et_pb_section][et_pb_section fb_built=&#8221;1&#8243; _builder_version=&#8221;4.16&#8243; custom_padding=&#8221;90px||0px||false|&#8221; locked=&#8221;off&#8221; global_colors_info=&#8221;{}&#8221;][et_pb_row column_structure=&#8221;1_2,1_2&#8243; use_custom_gutter=&#8221;on&#8221; gutter_width=&#8221;2&#8243; make_equal=&#8221;on&#8221; _builder_version=&#8221;4.16&#8243; width=&#8221;90%&#8221; width_tablet=&#8221;90%&#8221; width_phone=&#8221;90%&#8221; width_last_edited=&#8221;on|tablet&#8221; max_width=&#8221;1200px&#8221; max_width_tablet=&#8221;90%&#8221; max_width_phone=&#8221;90%&#8221; max_width_last_edited=&#8221;on|phone&#8221; global_colors_info=&#8221;{}&#8221;][et_pb_column type=&#8221;1_2&#8243; _builder_version=&#8221;4.16&#8243; global_colors_info=&#8221;{}&#8221;][et_pb_text _builder_version=&#8221;4.16&#8243; header_font=&#8221;Poppins|700|||||||&#8221; header_text_color=&#8221;#0b2341&#8243; header_font_size=&#8221;25px&#8221; header_letter_spacing=&#8221;-0.3px&#8221; header_line_height=&#8221;1.4em&#8221; custom_margin=&#8221;||||false|false&#8221; global_colors_info=&#8221;{}&#8221;]<\/p>\n<h1><span>Cooperage<\/span><br \/><span>Anton K\u00fczma s.p.<\/span><br \/><span>Gan\u010dani 18a<\/span><br \/><span>9231 Beltinci<\/span><br \/><span>Slovenia<\/span><\/h1>\n<p>[\/et_pb_text][et_pb_text _builder_version=&#8221;4.16&#8243; text_font=&#8221;Poppins|600|||||||&#8221; text_text_color=&#8221;#0b2341&#8243; text_font_size=&#8221;17px&#8221; text_line_height=&#8221;1.9em&#8221; max_width=&#8221;394px&#8221; module_alignment=&#8221;left&#8221; custom_margin=&#8221;-11px||40px||false|false&#8221; global_colors_info=&#8221;{}&#8221;]<\/p>\n<p>Phone: <a href=\"tel:386025421045\"><strong>+386 (0)2 542 10 45<\/strong><\/a><\/p>\n<p>Mobile: <a href=\"tel:38641500231\"><strong>+386 (0)41 500 231<\/strong><\/a><\/p>\n<p>Mobile:<strong><a href=\"tel:+38641383165\">+386 (0)41 383 165<\/a><\/strong><\/p>\n<p><span>e-mail: <\/span><a href=\"mailto:info@sodarstvo.si\">info@sodarstvo.si<\/a><\/p>\n<p>[\/et_pb_text][et_pb_text _builder_version=&#8221;4.16&#8243; text_font=&#8221;Muli||||||||&#8221; text_text_color=&#8221;#878b92&#8243; text_font_size=&#8221;15px&#8221; text_line_height=&#8221;1.8em&#8221; max_width=&#8221;458px&#8221; module_alignment=&#8221;left&#8221; custom_margin=&#8221;-20px||||false|false&#8221; locked=&#8221;off&#8221; global_colors_info=&#8221;{}&#8221;]<\/p>\n<p><span>Tax number SI:<\/span><span> 97290815<\/span><\/p>\n<p><span>Registration number: 5324943000<\/span><\/p>\n<p>[\/et_pb_text][\/et_pb_column][et_pb_column type=&#8221;1_2&#8243; _builder_version=&#8221;4.16&#8243; global_colors_info=&#8221;{}&#8221;][et_pb_contact_form captcha=&#8221;off&#8221; email=&#8221;info@sodarstvo.si&#8221; title=&#8221;Contact form&#8221; success_message=&#8221;Your message has been successfully sent.&#8221; submit_button_text=&#8221;SEND&#8221; _builder_version=&#8221;4.16&#8243; _unique_id=&#8221;b11c6c08-a00e-4eb8-9d0c-190b33596392&#8243; form_field_background_color=&#8221;#F5F5F5&#8243; form_field_text_color=&#8221;#0b2341&#8243; form_field_focus_background_color=&#8221;#F5F5F5&#8243; form_field_focus_text_color=&#8221;#0b2341&#8243; form_field_custom_padding=&#8221;|||27px|false|false&#8221; form_field_font=&#8221;Poppins|600|||||||&#8221; form_field_font_size=&#8221;15px&#8221; form_field_line_height=&#8221;1.6em&#8221; custom_button=&#8221;on&#8221; button_text_size=&#8221;18px&#8221; button_text_color=&#8221;#0b2341&#8243; button_bg_color=&#8221;#e09900&#8243; button_border_color=&#8221;#e09900&#8243; button_border_radius=&#8221;100px&#8221; button_letter_spacing=&#8221;0.8px&#8221; button_font=&#8221;Poppins|700|||||||&#8221; button_use_icon=&#8221;off&#8221; button_custom_padding=&#8221;19px|45px|19px|45px|true|true&#8221; border_radii=&#8221;on|20px|20px|20px|20px&#8221; global_colors_info=&#8221;{}&#8221; button_text_color__hover=&#8221;#ffffff&#8221; button_text_color__hover_enabled=&#8221;on|hover&#8221; button_bg_color__hover=&#8221;#0b2341&#8243; button_bg_color__hover_enabled=&#8221;on|hover&#8221; button_border_color__hover=&#8221;#0b2341&#8243; button_border_color__hover_enabled=&#8221;on|hover&#8221; button_letter_spacing__hover=&#8221;0.8px&#8221; button_letter_spacing__hover_enabled=&#8221;on|desktop&#8221; button_bg_enable_color__hover=&#8221;on&#8221;][et_pb_contact_field field_id=&#8221;Name&#8221; field_title=&#8221;First and last name&#8221; _builder_version=&#8221;4.16&#8243; global_colors_info=&#8221;{}&#8221; button_text_size__hover_enabled=&#8221;off&#8221; button_one_text_size__hover_enabled=&#8221;off&#8221; button_two_text_size__hover_enabled=&#8221;off&#8221; button_text_color__hover_enabled=&#8221;off&#8221; button_one_text_color__hover_enabled=&#8221;off&#8221; button_two_text_color__hover_enabled=&#8221;off&#8221; button_border_width__hover_enabled=&#8221;off&#8221; button_one_border_width__hover_enabled=&#8221;off&#8221; button_two_border_width__hover_enabled=&#8221;off&#8221; button_border_color__hover_enabled=&#8221;off&#8221; button_one_border_color__hover_enabled=&#8221;off&#8221; button_two_border_color__hover_enabled=&#8221;off&#8221; button_border_radius__hover_enabled=&#8221;off&#8221; button_one_border_radius__hover_enabled=&#8221;off&#8221; button_two_border_radius__hover_enabled=&#8221;off&#8221; button_letter_spacing__hover_enabled=&#8221;off&#8221; button_one_letter_spacing__hover_enabled=&#8221;off&#8221; button_two_letter_spacing__hover_enabled=&#8221;off&#8221; button_bg_color__hover_enabled=&#8221;off&#8221; button_one_bg_color__hover_enabled=&#8221;off&#8221; button_two_bg_color__hover_enabled=&#8221;off&#8221;][\/et_pb_contact_field][et_pb_contact_field field_id=&#8221;Email&#8221; field_title=&#8221;Email address&#8221; field_type=&#8221;email&#8221; _builder_version=&#8221;4.16&#8243; global_colors_info=&#8221;{}&#8221; button_text_size__hover_enabled=&#8221;off&#8221; button_one_text_size__hover_enabled=&#8221;off&#8221; button_two_text_size__hover_enabled=&#8221;off&#8221; button_text_color__hover_enabled=&#8221;off&#8221; button_one_text_color__hover_enabled=&#8221;off&#8221; button_two_text_color__hover_enabled=&#8221;off&#8221; button_border_width__hover_enabled=&#8221;off&#8221; button_one_border_width__hover_enabled=&#8221;off&#8221; button_two_border_width__hover_enabled=&#8221;off&#8221; button_border_color__hover_enabled=&#8221;off&#8221; button_one_border_color__hover_enabled=&#8221;off&#8221; button_two_border_color__hover_enabled=&#8221;off&#8221; button_border_radius__hover_enabled=&#8221;off&#8221; button_one_border_radius__hover_enabled=&#8221;off&#8221; button_two_border_radius__hover_enabled=&#8221;off&#8221; button_letter_spacing__hover_enabled=&#8221;off&#8221; button_one_letter_spacing__hover_enabled=&#8221;off&#8221; button_two_letter_spacing__hover_enabled=&#8221;off&#8221; button_bg_color__hover_enabled=&#8221;off&#8221; button_one_bg_color__hover_enabled=&#8221;off&#8221; button_two_bg_color__hover_enabled=&#8221;off&#8221;][\/et_pb_contact_field][et_pb_contact_field field_id=&#8221;Message&#8221; field_title=&#8221;Message&#8221; field_type=&#8221;text&#8221; fullwidth_field=&#8221;on&#8221; _builder_version=&#8221;4.16&#8243; global_colors_info=&#8221;{}&#8221; button_text_size__hover_enabled=&#8221;off&#8221; button_one_text_size__hover_enabled=&#8221;off&#8221; button_two_text_size__hover_enabled=&#8221;off&#8221; button_text_color__hover_enabled=&#8221;off&#8221; button_one_text_color__hover_enabled=&#8221;off&#8221; button_two_text_color__hover_enabled=&#8221;off&#8221; button_border_width__hover_enabled=&#8221;off&#8221; button_one_border_width__hover_enabled=&#8221;off&#8221; button_two_border_width__hover_enabled=&#8221;off&#8221; button_border_color__hover_enabled=&#8221;off&#8221; button_one_border_color__hover_enabled=&#8221;off&#8221; button_two_border_color__hover_enabled=&#8221;off&#8221; button_border_radius__hover_enabled=&#8221;off&#8221; button_one_border_radius__hover_enabled=&#8221;off&#8221; button_two_border_radius__hover_enabled=&#8221;off&#8221; button_letter_spacing__hover_enabled=&#8221;off&#8221; button_one_letter_spacing__hover_enabled=&#8221;off&#8221; button_two_letter_spacing__hover_enabled=&#8221;off&#8221; button_bg_color__hover_enabled=&#8221;off&#8221; button_one_bg_color__hover_enabled=&#8221;off&#8221; button_two_bg_color__hover_enabled=&#8221;off&#8221;][\/et_pb_contact_field][et_pb_contact_field field_id=&#8221;GDPR&#8221; field_title=&#8221;GDPR&#8221; field_type=&#8221;checkbox&#8221; checkbox_options=&#8221;%91{%22value%22:%22GDPR: Va\u0161i osebni podatki bodo obravnavani zaupno in v namen, zaradi katerega so bili posredovani. Va\u0161i podatki bodo skrbno varovani pred izgubo, zlorabo, nepoobla\u0161\u010denim dostopom, razkrivanjem, spreminjanjem ali uni\u010denjem. Ve\u010d o pogojih poslovanja si preberite na naslednji povezavi <a href=%92%22https:\/\/www.w3schools.com%92%22>pogoji poslovanja<\/a>.%22,%22checked%22:0,%22dragID%22:-1}%93&#8243; fullwidth_field=&#8221;on&#8221; _builder_version=&#8221;4.16&#8243; _module_preset=&#8221;default&#8221; global_colors_info=&#8221;{}&#8221;][\/et_pb_contact_field][\/et_pb_contact_form][\/et_pb_column][\/et_pb_row][\/et_pb_section]<\/p>\n","protected":false},"excerpt":{"rendered":"<p>ContactQuality production of barrels and other wooden products with a 100-year-old tradition.CooperageAnton K\u00fczma s.p.Gan\u010dani 18a9231 BeltinciSloveniaPhone: +386 (0)2 542 10 45 Mobile: +386 (0)41 500 231 Mobile:+386 (0)41 383 165 e-mail: info@sodarstvo.siTax number SI: 97290815 Registration number: 5324943000<\/p>\n","protected":false},"author":1,"featured_media":0,"parent":0,"menu_order":0,"comment_status":"closed","ping_status":"closed","template":"","meta":{"_et_pb_use_builder":"on","_et_pb_old_content":"","_et_gb_content_width":"","footnotes":""},"class_list":["post-25477","page","type-page","status-publish","hentry"],"yoast_head":"<!-- This site is optimized with the Yoast SEO plugin v23.2 - https:\/\/yoast.com\/wordpress\/plugins\/seo\/ -->\n<title>Contact - Sodarstvo Kuzma<\/title>\n<meta name=\"robots\" content=\"index, follow, max-snippet:-1, max-image-preview:large, max-video-preview:-1\" \/>\n<link rel=\"canonical\" href=\"https:\/\/sodarstvo.si\/en\/contact\/\" \/>\n<meta property=\"og:locale\" content=\"en_US\" \/>\n<meta property=\"og:type\" content=\"article\" \/>\n<meta property=\"og:title\" content=\"Contact - Sodarstvo Kuzma\" \/>\n<meta property=\"og:description\" content=\"ContactQuality production of barrels and other wooden products with a 100-year-old tradition.CooperageAnton K\u00fczma s.p.Gan\u010dani 18a9231 BeltinciSloveniaPhone: +386 (0)2 542 10 45 Mobile: +386 (0)41 500 231 Mobile:+386 (0)41 383 165 e-mail: info@sodarstvo.siTax number SI: 97290815 Registration number: 5324943000\" \/>\n<meta property=\"og:url\" content=\"https:\/\/sodarstvo.si\/en\/contact\/\" \/>\n<meta property=\"og:site_name\" content=\"Sodarstvo Kuzma\" \/>\n<meta property=\"article:modified_time\" content=\"2023-12-01T15:37:57+00:00\" \/>\n<meta name=\"twitter:card\" content=\"summary_large_image\" \/>\n<meta name=\"twitter:label1\" content=\"Est. reading time\" \/>\n\t<meta name=\"twitter:data1\" content=\"6 minutes\" \/>\n<script type=\"application\/ld+json\" class=\"yoast-schema-graph\">{\"@context\":\"https:\/\/schema.org\",\"@graph\":[{\"@type\":\"WebPage\",\"@id\":\"https:\/\/sodarstvo.si\/en\/contact\/\",\"url\":\"https:\/\/sodarstvo.si\/en\/contact\/\",\"name\":\"Contact - Sodarstvo Kuzma\",\"isPartOf\":{\"@id\":\"https:\/\/sodarstvo.si\/#website\"},\"datePublished\":\"2019-10-29T05:45:35+00:00\",\"dateModified\":\"2023-12-01T15:37:57+00:00\",\"breadcrumb\":{\"@id\":\"https:\/\/sodarstvo.si\/en\/contact\/#breadcrumb\"},\"inLanguage\":\"en-US\",\"potentialAction\":[{\"@type\":\"ReadAction\",\"target\":[\"https:\/\/sodarstvo.si\/en\/contact\/\"]}]},{\"@type\":\"BreadcrumbList\",\"@id\":\"https:\/\/sodarstvo.si\/en\/contact\/#breadcrumb\",\"itemListElement\":[{\"@type\":\"ListItem\",\"position\":1,\"name\":\"Home\",\"item\":\"https:\/\/sodarstvo.si\/en\/\"},{\"@type\":\"ListItem\",\"position\":2,\"name\":\"Contact\"}]},{\"@type\":\"WebSite\",\"@id\":\"https:\/\/sodarstvo.si\/#website\",\"url\":\"https:\/\/sodarstvo.si\/\",\"name\":\"Sodarstvo Kuzma\",\"description\":\"Kvalitetno izdelovanje sodov in ostalih lesnih izdelkov z 100 letno tradicijo.\",\"potentialAction\":[{\"@type\":\"SearchAction\",\"target\":{\"@type\":\"EntryPoint\",\"urlTemplate\":\"https:\/\/sodarstvo.si\/?s={search_term_string}\"},\"query-input\":\"required name=search_term_string\"}],\"inLanguage\":\"en-US\"}]}<\/script>\n<!-- \/ Yoast SEO plugin. -->","yoast_head_json":{"title":"Contact - Sodarstvo Kuzma","robots":{"index":"index","follow":"follow","max-snippet":"max-snippet:-1","max-image-preview":"max-image-preview:large","max-video-preview":"max-video-preview:-1"},"canonical":"https:\/\/sodarstvo.si\/en\/contact\/","og_locale":"en_US","og_type":"article","og_title":"Contact - Sodarstvo Kuzma","og_description":"ContactQuality production of barrels and other wooden products with a 100-year-old tradition.CooperageAnton K\u00fczma s.p.Gan\u010dani 18a9231 BeltinciSloveniaPhone: +386 (0)2 542 10 45 Mobile: +386 (0)41 500 231 Mobile:+386 (0)41 383 165 e-mail: info@sodarstvo.siTax number SI: 97290815 Registration number: 5324943000","og_url":"https:\/\/sodarstvo.si\/en\/contact\/","og_site_name":"Sodarstvo Kuzma","article_modified_time":"2023-12-01T15:37:57+00:00","twitter_card":"summary_large_image","twitter_misc":{"Est. reading time":"6 minutes"},"schema":{"@context":"https:\/\/schema.org","@graph":[{"@type":"WebPage","@id":"https:\/\/sodarstvo.si\/en\/contact\/","url":"https:\/\/sodarstvo.si\/en\/contact\/","name":"Contact - Sodarstvo Kuzma","isPartOf":{"@id":"https:\/\/sodarstvo.si\/#website"},"datePublished":"2019-10-29T05:45:35+00:00","dateModified":"2023-12-01T15:37:57+00:00","breadcrumb":{"@id":"https:\/\/sodarstvo.si\/en\/contact\/#breadcrumb"},"inLanguage":"en-US","potentialAction":[{"@type":"ReadAction","target":["https:\/\/sodarstvo.si\/en\/contact\/"]}]},{"@type":"BreadcrumbList","@id":"https:\/\/sodarstvo.si\/en\/contact\/#breadcrumb","itemListElement":[{"@type":"ListItem","position":1,"name":"Home","item":"https:\/\/sodarstvo.si\/en\/"},{"@type":"ListItem","position":2,"name":"Contact"}]},{"@type":"WebSite","@id":"https:\/\/sodarstvo.si\/#website","url":"https:\/\/sodarstvo.si\/","name":"Sodarstvo Kuzma","description":"Kvalitetno izdelovanje sodov in ostalih lesnih izdelkov z 100 letno tradicijo.","potentialAction":[{"@type":"SearchAction","target":{"@type":"EntryPoint","urlTemplate":"https:\/\/sodarstvo.si\/?s={search_term_string}"},"query-input":"required name=search_term_string"}],"inLanguage":"en-US"}]}},"_links":{"self":[{"href":"https:\/\/sodarstvo.si\/en\/wp-json\/wp\/v2\/pages\/25477"}],"collection":[{"href":"https:\/\/sodarstvo.si\/en\/wp-json\/wp\/v2\/pages"}],"about":[{"href":"https:\/\/sodarstvo.si\/en\/wp-json\/wp\/v2\/types\/page"}],"author":[{"embeddable":true,"href":"https:\/\/sodarstvo.si\/en\/wp-json\/wp\/v2\/users\/1"}],"replies":[{"embeddable":true,"href":"https:\/\/sodarstvo.si\/en\/wp-json\/wp\/v2\/comments?post=25477"}],"version-history":[{"count":0,"href":"https:\/\/sodarstvo.si\/en\/wp-json\/wp\/v2\/pages\/25477\/revisions"}],"wp:attachment":[{"href":"https:\/\/sodarstvo.si\/en\/wp-json\/wp\/v2\/media?parent=25477"}],"curies":[{"name":"wp","href":"https:\/\/api.w.org\/{rel}","templated":true}]}}